{"id":5171,"date":"2026-01-19T22:46:11","date_gmt":"2026-01-19T19:46:11","guid":{"rendered":"https:\/\/gulsomine.com\/?post_type=product&#038;p=5171"},"modified":"2026-01-19T23:06:24","modified_gmt":"2026-01-19T20:06:24","slug":"siyah-camli-klapeli-dokum-somine-haznesi-tek-camli-80-cm","status":"publish","type":"product","link":"https:\/\/gulsomine.com\/?product=siyah-camli-klapeli-dokum-somine-haznesi-tek-camli-80-cm","title":{"rendered":"Siyah Caml\u0131 Klapeli D\u00f6k\u00fcm \u015e\u00f6mine Haznesi Tek Caml\u0131 80 cm"},"content":{"rendered":"<div class=\"mb-3 text-base font-semibold text-button-02\" style=\"text-align: left;\" data-mce-style=\"text-align: left;\">\n<strong>\u00dcr\u00fcn Detay\u0131<\/strong><span><br \/><\/span><span><\/span>\n<\/div>\n<div class=\"mb-3 text-base font-semibold text-button-02\" style=\"text-align: left;\" data-mce-style=\"text-align: left;\">\n<strong><\/strong>\n<\/div>\n<div class=\"mb-3 text-base font-semibold text-button-02\" style=\"text-align: left;\" data-mce-style=\"text-align: left;\">\n<ul>\n<li class=\"MsoNormal\" style=\"line-height: normal;\">\n<b><span style=\"font-size: 12.0pt; font-family: 'Times New Roman',serif; mso-fareast-font-family: 'Times New Roman'; mso-fareast-language: TR;\">\u00dcretim Normu\u00a0 \u00a0 \u00a0 \u00a0 \u00a0 \u00a0:\u00a0<\/span><\/b><span style=\"font-size: 12.0pt; font-family: 'Times New Roman',serif; mso-fareast-font-family: 'Times New Roman'; mso-fareast-language: TR;\">\u0130so 9001<\/span>\n<\/li>\n<li class=\"MsoNormal\" style=\"line-height: normal;\">\n<b><span style=\"font-size: 12.0pt; font-family: 'Times New Roman',serif; mso-fareast-font-family: 'Times New Roman'; mso-fareast-language: TR;\">Is\u0131tma Kapasitesi\u00a0 \u00a0 \u00a0 \u00a0: <\/span><\/b><span style=\"font-size: 12.0pt; font-family: 'Times New Roman',serif; mso-fareast-font-family: 'Times New Roman'; mso-fareast-language: TR;\">14 kw<\/span>\n<\/li>\n<li class=\"MsoNormal\" style=\"line-height: normal;\"><span style=\"font-size: 12.0pt; font-family: 'Times New Roman',serif; mso-fareast-font-family: 'Times New Roman'; mso-fareast-language: TR;\"><b>Kapasite Aral\u0131\u011f\u0131\u00a0 \u00a0 \u00a0 \u00a0 \u00a0:<\/b> 6,4 &#8211; 18,2 kw<\/span><\/li>\n<li class=\"MsoNormal\" style=\"line-height: normal;\">\n<b><span style=\"font-size: 12.0pt; font-family: 'Times New Roman',serif; mso-fareast-font-family: 'Times New Roman'; mso-fareast-language: TR;\">Co Oran\u0131\u00a0 \u00a0 \u00a0 \u00a0 \u00a0 \u00a0 \u00a0 \u00a0 \u00a0 \u00a0 \u00a0:\u00a0<\/span><\/b><span style=\"font-size: 12.0pt; font-family: 'Times New Roman',serif; mso-fareast-font-family: 'Times New Roman'; mso-fareast-language: TR;\">1.09 %<\/span>\n<\/li>\n<li class=\"MsoNormal\" style=\"line-height: normal;\">\n<b><span style=\"font-size: 12.0pt; font-family: 'Times New Roman',serif; mso-fareast-font-family: 'Times New Roman'; mso-fareast-language: TR;\">Is\u0131ma Alan\u0131\u00a0 \u00a0 \u00a0 \u00a0 \u00a0 \u00a0 \u00a0 \u00a0 \u00a0: <\/span><\/b><span style=\"font-size: 12.0pt; font-family: 'Times New Roman',serif; mso-fareast-font-family: 'Times New Roman'; mso-fareast-language: TR;\">154 m\u00b2<\/span>\n<\/li>\n<li class=\"MsoNormal\" style=\"line-height: normal;\">\n<b><span style=\"font-size: 12.0pt; font-family: 'Times New Roman',serif; mso-fareast-font-family: 'Times New Roman'; mso-fareast-language: TR;\">Is\u0131tma Hacmi\u00a0 \u00a0 \u00a0 \u00a0 \u00a0 \u00a0 \u00a0 :<\/span><\/b><span style=\"font-size: 12.0pt; font-family: 'Times New Roman',serif; mso-fareast-font-family: 'Times New Roman'; mso-fareast-language: TR;\"> 385 m3<\/span>\n<\/li>\n<li class=\"MsoNormal\" style=\"line-height: normal;\">\n<b><span style=\"font-size: 12.0pt; font-family: 'Times New Roman',serif; mso-fareast-font-family: 'Times New Roman'; mso-fareast-language: TR;\">Verim\u00a0 \u00a0 \u00a0 \u00a0 \u00a0 \u00a0 \u00a0 \u00a0 \u00a0 \u00a0 \u00a0 \u00a0 \u00a0 :<\/span><\/b><span style=\"font-size: 12.0pt; font-family: 'Times New Roman',serif; mso-fareast-font-family: 'Times New Roman'; mso-fareast-language: TR;\"> 79,5 %<\/span>\n<\/li>\n<li class=\"MsoNormal\" style=\"line-height: normal;\">\n<b><span style=\"font-size: 12.0pt; font-family: 'Times New Roman',serif; mso-fareast-font-family: 'Times New Roman'; mso-fareast-language: TR;\">Ye\u015fil Alev Sertifikas\u0131\u00a0 :<\/span><\/b><span style=\"font-size: 12.0pt; font-family: 'Times New Roman',serif; mso-fareast-font-family: 'Times New Roman'; mso-fareast-language: TR;\">\u00a0Var<\/span>\n<\/li>\n<li class=\"MsoNormal\" style=\"line-height: normal;\">\n<b><span style=\"font-size: 12.0pt; font-family: 'Times New Roman',serif; mso-fareast-font-family: 'Times New Roman'; mso-fareast-language: TR;\">Baca Klapesi\u00a0 \u00a0 \u00a0 \u00a0 \u00a0 \u00a0 \u00a0 \u00a0:<\/span><\/b><span style=\"font-size: 12.0pt; font-family: 'Times New Roman',serif; mso-fareast-font-family: 'Times New Roman'; mso-fareast-language: TR;\">\u00a0Var<\/span>\n<\/li>\n<li class=\"MsoNormal\" style=\"line-height: normal;\">\n<b><span style=\"font-size: 12.0pt; font-family: 'Times New Roman',serif; mso-fareast-font-family: 'Times New Roman'; mso-fareast-language: TR;\">Izgara Takma Yeri\u00a0 \u00a0 \u00a0 :\u00a0<\/span><\/b><span style=\"font-size: 12.0pt; font-family: 'Times New Roman',serif; mso-fareast-font-family: 'Times New Roman'; mso-fareast-language: TR;\">Opsiyonel<\/span>\n<\/li>\n<li class=\"MsoNormal\" style=\"line-height: normal;\">\n<b><span style=\"font-size: 12.0pt; font-family: 'Times New Roman',serif; mso-fareast-font-family: 'Times New Roman'; mso-fareast-language: TR;\">Azami Odun Uz.\u00a0 \u00a0 \u00a0 \u00a0 \u00a0: <\/span><\/b><span style=\"font-size: 12.0pt; font-family: 'Times New Roman',serif; mso-fareast-font-family: 'Times New Roman'; mso-fareast-language: TR;\">70 cm<\/span>\n<\/li>\n<li class=\"MsoNormal\" style=\"line-height: normal;\">\n<b><span style=\"font-size: 12.0pt; font-family: 'Times New Roman',serif; mso-fareast-font-family: 'Times New Roman'; mso-fareast-language: TR;\">Baca \u00c7ap\u0131\u00a0 \u00a0 \u00a0 \u00a0 \u00a0 \u00a0 \u00a0 \u00a0 \u00a0 \u00a0 :\u00a0<\/span><\/b><span style=\"font-size: 12.0pt; font-family: 'Times New Roman',serif; mso-fareast-font-family: 'Times New Roman'; mso-fareast-language: TR;\">195 mm<\/span>\n<\/li>\n<li class=\"MsoNormal\" style=\"line-height: normal;\">\n<b><span style=\"font-size: 12.0pt; font-family: 'Times New Roman',serif; mso-fareast-font-family: 'Times New Roman'; mso-fareast-language: TR;\">\u00d6l\u00e7\u00fcler\u00a0 \u00a0 \u00a0 \u00a0 \u00a0 \u00a0 \u00a0 \u00a0 \u00a0 \u00a0 \u00a0 \u00a0 : <\/span><\/b><span style=\"font-size: 12.0pt; font-family: 'Times New Roman',serif; mso-fareast-font-family: 'Times New Roman'; mso-fareast-language: TR;\">800x660x453<\/span>\n<\/li>\n<li class=\"MsoNormal\" style=\"line-height: normal;\">\n<b><span style=\"font-size: 12.0pt; font-family: 'Times New Roman',serif; mso-fareast-font-family: 'Times New Roman'; mso-fareast-language: TR;\">A\u011f\u0131rl\u0131k\u00a0 \u00a0 \u00a0 \u00a0 \u00a0 \u00a0 \u00a0 \u00a0 \u00a0 \u00a0 \u00a0 \u00a0 \u00a0:\u00a0<\/span><\/b><span style=\"font-size: 12.0pt; font-family: 'Times New Roman',serif; mso-fareast-font-family: 'Times New Roman'; mso-fareast-language: TR;\">156 kg<\/span>\n<\/li>\n<li class=\"MsoNormal\" style=\"line-height: normal;\">\n<b><span style=\"font-size: 12.0pt; font-family: 'Times New Roman',serif; mso-fareast-font-family: 'Times New Roman'; mso-fareast-language: TR;\">Granti S\u00fcresi\u00a0 \u00a0 \u00a0 \u00a0 \u00a0 \u00a0 \u00a0 :<\/span><\/b><span style=\"font-size: 12.0pt; font-family: 'Times New Roman',serif; mso-fareast-font-family: 'Times New Roman'; mso-fareast-language: TR;\">\u00a02 Y\u0131l<\/span>\n<\/li>\n<li class=\"MsoNormal\" style=\"line-height: normal;\">\n<b><span style=\"font-size: 12.0pt; font-family: 'Times New Roman',serif; mso-fareast-font-family: 'Times New Roman'; mso-fareast-language: TR;\">\u00dcretim Yeri\u00a0 \u00a0 \u00a0 \u00a0 \u00a0 \u00a0 \u00a0 \u00a0 \u00a0:\u00a0<\/span><\/b><span style=\"font-size: 12.0pt; font-family: 'Times New Roman',serif; mso-fareast-font-family: 'Times New Roman'; mso-fareast-language: TR;\">T\u00fcrkiye<\/span>\n<\/li>\n<\/ul>\n<\/div>\n<div class=\"mb-3 text-base font-semibold text-button-02\" style=\"text-align: left;\" data-mce-style=\"text-align: left;\">\n<strong><\/strong>\n<\/div>\n<div class=\"mb-3 text-base font-semibold text-button-02\" style=\"text-align: left;\" data-mce-style=\"text-align: left;\">\n<strong>\u00dcr\u00fcn \u00d6l\u00e7\u00fcleri:\u00a0 <\/strong><span>Daha detayl\u0131 \u00f6l\u00e7\u00fcler \u00fcr\u00fcn foto\u011fraflar\u0131nda ayr\u0131ca teknik \u00e7izimde belirtilmi\u015ftir. <\/span>\n<\/div>\n<div class=\"mb-3 text-base font-semibold text-button-02\" style=\"text-align: left;\" data-mce-style=\"text-align: left;\">\n<span><b><\/b><\/span>\n<\/div>\n<div class=\"mb-3 text-base font-semibold text-button-02\" style=\"text-align: left;\" data-mce-style=\"text-align: left;\">\n<span><b><\/b><\/span><span><b>Uluslararas\u0131 Standartlarda Paketleme:\u00a0<\/b><\/span><span>Hasars\u0131z ve sorunsuz bir teslimat s\u00fcreci i\u00e7in \u00fcr\u00fcnlerimiz en do\u011fru y\u00f6ntemlerle paketlenerek sizlere teslim edilmektedir. Fabrikam\u0131zda \u00fcr\u00fcnlerimizin paketlenmesinde, \u00fcr\u00fcnleri korumak i\u00e7in\u00a0cam\u00a0y\u00fczeylerde 8 mm<b>\u00a0<\/b>kal\u0131nl\u0131kta kontraplak ve strafor k\u00f6p\u00fck kullan\u0131lmaktad\u0131r. \u00dcr\u00fcnlerin deforme olmas\u0131n\u0131 engellemek amac\u0131yla, tamamen shrink stre\u00e7 kaplama paketleme yap\u0131lmaktad\u0131r.\u00a0 B\u00f6ylece en hassas \u00fcr\u00fcnler bile g\u00fcvenli \u015fekilde<\/span><span> ta\u015f\u0131nabilmektedir.<\/span>\n<\/div>\n<div class=\"mb-3 text-base font-semibold text-button-02\" style=\"text-align: left;\" data-mce-style=\"text-align: left;\">\n<span><\/span>\n<\/div>\n<div class=\"max-h-none relative overflow-hidden text-sm text-button-02\" style=\"text-align: left;\" data-mce-style=\"text-align: left;\">\n<p><strong>Kargo: <\/strong>\u00dcr\u00fcnlerimizi anla\u015fmal\u0131 profosyonel lojistik firmalar\u0131 ile g\u00f6nderimini sa\u011flamaktay\u0131z.\u00a0<\/p>\n<p><span><b>Kurulum Bilgisi ve Montaj: <\/b><\/span>\u00dcr\u00fcnlerimiz \u015f\u00f6mine haznesi olarak g\u00f6nderilmektedir. Kurulum ve montaj m\u00fc\u015fteriye aittir. Ayr\u0131ca T\u00fcrkiyenin t\u00fcm illerinde <a title=\"\u015e\u00f6mine Kurulum ve Montaj Hizmeti\" href=\"https:\/\/www.schomne.com\/pages\/montaj-ve-kurulum-hizmeti\" data-mce-href=\"https:\/\/www.schomne.com\/pages\/montaj-ve-kurulum-hizmeti\">kurulum ve montaj hizmetimizde <\/a>mevcuttur. Kurulum ve montaj hizmeti i\u00e7in bizimle ileti\u015fime ge\u00e7ebilirsiniz.\u00a0<\/p>\n<p><b><span>Hammadde ve \u00dcretim:\u00a0<\/span><\/b><span><\/span><span>T\u00fcrkiye&#8217;nin \u00f6nde gelen \u015f\u00f6mine hazne \u00fcreticilerinden biri olarak, \u00fcst d\u00fczey \u00fcretim kapasitesine sahip fabrikam\u0131z ve d\u00f6k\u00fcm hanemizde \u00f6zenle se\u00e7ilmi\u015f malzemelerimizi, sac kesiminden montaja kadar olan her a\u015famada 100\u2019\u00fcn \u00fczerinde farkl\u0131 \u00e7e\u015fit ve ebatlarda teknolojiyi, kaliteyi ve konforu bir araya getirerek \u00fcretti\u011fimiz her bir \u015f\u00f6minemizi m\u00fckemmeliyet\u00e7i bir yakla\u015f\u0131mla i\u015fliyoruz. <\/span><span>Bu sayede, sizlere uzun \u00f6m\u00fcrl\u00fc, estetik ve fonksiyonel \u015f\u00f6mineler sunuyor, ya\u015fam alanlar\u0131n\u0131za SCH\u00d6MNE kalitesinin izlerini ta\u015f\u0131yoruz.,\u00a0 <\/span><\/p>\n<p><span><b>Kullan\u0131m Klavuzu ve Yakma Talimatlar\u0131:\u00a0<\/b><\/span>\u00dcr\u00fcn ile birlikte g\u00f6nderilen kullan\u0131m klavuzunu inceleyerek \u015f\u00f6minenizi yakman\u0131z\u0131 tavsiye ederiz. Yakma talimatlar\u0131na uygun olmayan ko\u015fullarda sorumluluk firmam\u0131za ait de\u011fildir. Ayr\u0131ca \u015e\u00f6mine kullan\u0131m klavuzunu ve yakma talimatlar\u0131n\u0131 web sitemizden inceleyebilirsiniz.<\/p>\n<div>\n<p><span><b>Garanti: <\/b><\/span><span>T\u00fcm \u00fcr\u00fcnlerimiz \u00fcretim ve i\u015f\u00e7ilik hatalar\u0131na kar\u015f\u0131, \u00fcr\u00fcn\u00fcn t\u00fcm par\u00e7alar\u0131 dahil olmak \u00fczere fatura tarihinden itibaren 2 y\u0131l garantilidir.\u00a0<\/span><span><\/span><span><\/span><\/p>\n<\/div>\n<\/div>\n<p><!----><!----><!----><\/p>\n","protected":false},"excerpt":{"rendered":"<p>\u00dcr\u00fcn Detay\u0131 \u00dcretim Normu\u00a0 \u00a0 \u00a0 \u00a0 \u00a0 \u00a0:\u00a0\u0130so 9001 Is\u0131tma Kapasitesi\u00a0 \u00a0 \u00a0 \u00a0: 14 kw Kapasite Aral\u0131\u011f\u0131\u00a0 \u00a0 \u00a0 \u00a0 \u00a0: 6,4 &#8211; 18,2 kw Co Oran\u0131\u00a0 \u00a0 \u00a0 \u00a0 \u00a0 \u00a0 \u00a0 \u00a0 \u00a0 \u00a0 \u00a0:\u00a01.09 % Is\u0131ma Alan\u0131\u00a0 \u00a0 \u00a0 \u00a0 \u00a0 \u00a0 \u00a0 \u00a0 \u00a0: 154 m\u00b2 Is\u0131tma Hacmi\u00a0 \u00a0 [&hellip;]<\/p>\n","protected":false},"featured_media":5413,"comment_status":"open","ping_status":"closed","template":"","meta":[],"product_brand":[],"product_cat":[210],"product_tag":[],"class_list":{"0":"post-5171","1":"product","2":"type-product","3":"status-publish","4":"has-post-thumbnail","6":"product_cat-diamond-serisi-dokum-somineler","8":"first","9":"instock","10":"sale","11":"shipping-taxable","12":"purchasable","13":"product-type-simple"},"jetpack_sharing_enabled":true,"_links":{"self":[{"href":"https:\/\/gulsomine.com\/index.php?rest_route=\/wp\/v2\/product\/5171","targetHints":{"allow":["GET"]}}],"collection":[{"href":"https:\/\/gulsomine.com\/index.php?rest_route=\/wp\/v2\/product"}],"about":[{"href":"https:\/\/gulsomine.com\/index.php?rest_route=\/wp\/v2\/types\/product"}],"replies":[{"embeddable":true,"href":"https:\/\/gulsomine.com\/index.php?rest_route=%2Fwp%2Fv2%2Fcomments&post=5171"}],"wp:featuredmedia":[{"embeddable":true,"href":"https:\/\/gulsomine.com\/index.php?rest_route=\/wp\/v2\/media\/5413"}],"wp:attachment":[{"href":"https:\/\/gulsomine.com\/index.php?rest_route=%2Fwp%2Fv2%2Fmedia&parent=5171"}],"wp:term":[{"taxonomy":"product_brand","embeddable":true,"href":"https:\/\/gulsomine.com\/index.php?rest_route=%2Fwp%2Fv2%2Fproduct_brand&post=5171"},{"taxonomy":"product_cat","embeddable":true,"href":"https:\/\/gulsomine.com\/index.php?rest_route=%2Fwp%2Fv2%2Fproduct_cat&post=5171"},{"taxonomy":"product_tag","embeddable":true,"href":"https:\/\/gulsomine.com\/index.php?rest_route=%2Fwp%2Fv2%2Fproduct_tag&post=5171"}],"curies":[{"name":"wp","href":"https:\/\/api.w.org\/{rel}","templated":true}]}}