{"id":5647,"date":"2026-01-19T23:23:56","date_gmt":"2026-01-19T20:23:56","guid":{"rendered":"https:\/\/gulsomine.com\/?post_type=product&#038;p=5647"},"modified":"2026-01-21T22:35:57","modified_gmt":"2026-01-21T19:35:57","slug":"90-cm-uc-tarafi-camli-asansorlu-somine-haznesi","status":"publish","type":"product","link":"https:\/\/gulsomine.com\/?product=90-cm-uc-tarafi-camli-asansorlu-somine-haznesi","title":{"rendered":"90 cm \u00dc\u00e7 Taraf\u0131 Caml\u0131 Asans\u00f6rl\u00fc \u015e\u00f6mine Haznesi"},"content":{"rendered":"<div class=\"mb-3 text-base font-semibold text-button-02\" style=\"text-align: left;\">\n<strong>\u00dcr\u00fcn Detay\u0131<\/strong><span><br \/><\/span><span><\/span>\n<\/div>\n<div class=\"mb-3 text-base font-semibold text-button-02\" style=\"text-align: left;\">\n<strong><\/strong>\n<\/div>\n<div class=\"mb-3 text-base font-semibold text-button-02\" style=\"text-align: left;\">\n<strong>\u00dcretim Normu\u00a0 \u00a0 \u00a0 \u00a0 \u00a0 \u00a0: <\/strong>\u0130so 9001\n<\/div>\n<div class=\"mb-3 text-base font-semibold text-button-02\" style=\"text-align: left;\" data-mce-style=\"text-align: left;\">\n<strong>Is\u0131tma Kapasitesi\u00a0 \u00a0 \u00a0 \u00a0: <\/strong>14 kw<strong><br \/>Kapasite Aral\u0131\u011f\u0131\u00a0 \u00a0 \u00a0 \u00a0 \u00a0:<\/strong> 7 &#8211; 18 kw<\/div>\n<div class=\"mb-3 text-base font-semibold text-button-02\" style=\"text-align: left;\" data-mce-style=\"text-align: left;\">\n<strong>Co Oran\u0131\u00a0 \u00a0 \u00a0 \u00a0 \u00a0 \u00a0 \u00a0 \u00a0 \u00a0 \u00a0 \u00a0: <\/strong>1.09 %<\/div>\n<div class=\"mb-3 text-base font-semibold text-button-02\" style=\"text-align: left;\" data-mce-style=\"text-align: left;\">\n<strong>Is\u0131ma Alan\u0131\u00a0 \u00a0 \u00a0 \u00a0 \u00a0 \u00a0 \u00a0 \u00a0 \u00a0: <\/strong>154 m\u00b2<\/div>\n<div class=\"mb-3 text-base font-semibold text-button-02\" style=\"text-align: left;\" data-mce-style=\"text-align: left;\">\n<strong>Is\u0131tma Hacmi\u00a0 \u00a0 \u00a0 \u00a0 \u00a0 \u00a0 \u00a0 : <\/strong>385,0\u00a0m3<\/div>\n<div class=\"mb-3 text-base font-semibold text-button-02\" style=\"text-align: left;\" data-mce-style=\"text-align: left;\">\n<strong>Verim\u00a0 \u00a0 \u00a0 \u00a0 \u00a0 \u00a0 \u00a0 \u00a0 \u00a0 \u00a0 \u00a0 \u00a0 \u00a0 :<\/strong> 85,7 %<\/div>\n<div class=\"mb-3 text-base font-semibold text-button-02\" style=\"text-align: left;\" data-mce-style=\"text-align: left;\">\n<strong>Ye\u015fil Alev Sertifikas\u0131\u00a0 :<\/strong> Var<\/div>\n<div class=\"mb-3 text-base font-semibold text-button-02\" style=\"text-align: left;\" data-mce-style=\"text-align: left;\">\n<strong>Baca Klapesi\u00a0 \u00a0 \u00a0 \u00a0 \u00a0 \u00a0 \u00a0 \u00a0:<\/strong> Var<\/div>\n<div class=\"mb-3 text-base font-semibold text-button-02\" style=\"text-align: left;\" data-mce-style=\"text-align: left;\">\n<strong>Izgara Takma Yeri\u00a0 \u00a0 \u00a0 : <\/strong>Opsiyonel<\/div>\n<div class=\"mb-3 text-base font-semibold text-button-02\" style=\"text-align: left;\" data-mce-style=\"text-align: left;\">\n<strong>Azami Odun Uz.\u00a0 \u00a0 \u00a0 \u00a0 \u00a0: <\/strong>80 cm<\/div>\n<div class=\"mb-3 text-base font-semibold text-button-02\" style=\"text-align: left;\" data-mce-style=\"text-align: left;\">\n<strong>Baca \u00c7ap\u0131\u00a0 \u00a0 \u00a0 \u00a0 \u00a0 \u00a0 \u00a0 \u00a0 \u00a0 \u00a0 : <\/strong>195 mm<\/div>\n<div class=\"mb-3 text-base font-semibold text-button-02\" style=\"text-align: left;\" data-mce-style=\"text-align: left;\">\n<strong>\u00d6l\u00e7\u00fcler\u00a0 \u00a0 \u00a0 \u00a0 \u00a0 \u00a0 \u00a0 \u00a0 \u00a0 \u00a0 \u00a0 \u00a0 : <\/strong>1090x1415x600<\/div>\n<div class=\"mb-3 text-base font-semibold text-button-02\" style=\"text-align: left;\" data-mce-style=\"text-align: left;\">\n<strong>A\u011f\u0131rl\u0131k\u00a0 \u00a0 \u00a0 \u00a0 \u00a0 \u00a0 \u00a0 \u00a0 \u00a0 \u00a0 \u00a0 \u00a0 \u00a0: <\/strong>179 kg<\/div>\n<div class=\"mb-3 text-base font-semibold text-button-02\" style=\"text-align: left;\" data-mce-style=\"text-align: left;\">\n<strong>Granti S\u00fcresi\u00a0 \u00a0 \u00a0 \u00a0 \u00a0 \u00a0 \u00a0 :<\/strong> 2 Y\u0131l<\/div>\n<div class=\"mb-3 text-base font-semibold text-button-02\" style=\"text-align: left;\" data-mce-style=\"text-align: left;\">\n<strong>\u00dcretim Yeri\u00a0 \u00a0 \u00a0 \u00a0 \u00a0 \u00a0 \u00a0 \u00a0 \u00a0: <\/strong>T\u00fcrkiye<\/div>\n<div class=\"mb-3 text-base font-semibold text-button-02\" style=\"text-align: left;\">\n<strong><\/strong>\n<\/div>\n<div class=\"mb-3 text-base font-semibold text-button-02\" style=\"text-align: left;\">\n<strong>\u00dcr\u00fcn \u00d6l\u00e7\u00fcleri:\u00a0 <\/strong><span>Daha detayl\u0131 \u00f6l\u00e7\u00fcler \u00fcr\u00fcn foto\u011fraflar\u0131nda ayr\u0131ca teknik \u00e7izimde belirtilmi\u015ftir. <\/span>\n<\/div>\n<div class=\"mb-3 text-base font-semibold text-button-02\" style=\"text-align: left;\">\n<span><b><\/b><\/span>\n<\/div>\n<div class=\"mb-3 text-base font-semibold text-button-02\" style=\"text-align: left;\">\n<span><b><\/b><\/span><span><b>Uluslararas\u0131 Standartlarda Paketleme:\u00a0<\/b><\/span><span>Hasars\u0131z ve sorunsuz bir teslimat s\u00fcreci i\u00e7in \u00fcr\u00fcnlerimiz en do\u011fru y\u00f6ntemlerle paketlenerek sizlere teslim edilmektedir. Fabrikam\u0131zda \u00fcr\u00fcnlerimizin paketlenmesinde, \u00fcr\u00fcnleri korumak i\u00e7in\u00a0cam\u00a0y\u00fczeylerde 8 mm<b>\u00a0<\/b>kal\u0131nl\u0131kta kontraplak ve strafor k\u00f6p\u00fck kullan\u0131lmaktad\u0131r. \u00dcr\u00fcnlerin deforme olmas\u0131n\u0131 engellemek amac\u0131yla, tamamen shrink stre\u00e7 kaplama paketleme yap\u0131lmaktad\u0131r.\u00a0 B\u00f6ylece en hassas \u00fcr\u00fcnler bile g\u00fcvenli \u015fekilde<\/span><span> ta\u015f\u0131nabilmektedir.\u00a0<\/span><span><\/span><span><\/span>\n<\/div>\n<div class=\"mb-3 text-base font-semibold text-button-02\" style=\"text-align: left;\">\n<span><\/span>\n<\/div>\n<div class=\"max-h-none relative overflow-hidden text-sm text-button-02\" style=\"text-align: left;\">\n<p><strong>Kargo: <\/strong>\u00dcr\u00fcnlerimizi anla\u015fmal\u0131 profosyonel lojistik firmalar\u0131 ile g\u00f6nderimini sa\u011flamaktay\u0131z.<\/p>\n<p><span><b>Kurulum Bilgisi ve Montaj: <\/b><\/span>\u00dcr\u00fcnlerimiz \u015f\u00f6mine haznesi olarak g\u00f6nderilmektedir. Kurulum ve montaj m\u00fc\u015fteriye aittir. Ayr\u0131ca T\u00fcrkiyenin t\u00fcm illerinde <a title=\"\u015e\u00f6mine Kurulum ve Montaj Hizmeti\" href=\"https:\/\/www.schomne.com\/pages\/montaj-ve-kurulum-hizmeti\" data-mce-href=\"https:\/\/www.schomne.com\/pages\/montaj-ve-kurulum-hizmeti\">kurulum ve montaj hizmetimizde <\/a>mevcuttur. Kurulum ve montaj hizmeti i\u00e7in bizimle ileti\u015fime ge\u00e7ebilirsiniz.\u00a0<\/p>\n<p><b><span>Hammadde ve \u00dcretim:\u00a0<\/span><\/b><span><\/span><span>T\u00fcrkiye&#8217;nin \u00f6nde gelen \u015f\u00f6mine hazne \u00fcreticilerinden biri olarak, \u00fcst d\u00fczey \u00fcretim kapasitesine sahip fabrikam\u0131z ve d\u00f6k\u00fcm hanemizde \u00f6zenle se\u00e7ilmi\u015f malzemelerimizi, sac kesiminden montaja kadar olan her a\u015famada 100\u2019\u00fcn \u00fczerinde farkl\u0131 \u00e7e\u015fit ve ebatlarda teknolojiyi, kaliteyi ve konforu bir araya getirerek \u00fcretti\u011fimiz her bir \u015f\u00f6minemizi m\u00fckemmeliyet\u00e7i bir yakla\u015f\u0131mla i\u015fliyoruz. <\/span><span>Bu sayede, sizlere uzun \u00f6m\u00fcrl\u00fc, estetik ve fonksiyonel \u015f\u00f6mineler sunuyor, ya\u015fam alanlar\u0131n\u0131za SCH\u00d6MNE kalitesinin izlerini ta\u015f\u0131yoruz.,\u00a0 <\/span><\/p>\n<p><span><b>Kullan\u0131m Klavuzu ve Yakma Talimatlar\u0131:\u00a0<\/b><\/span>\u00dcr\u00fcn ile birlikte g\u00f6nderilen kullan\u0131m klavuzunu inceleyerek \u015f\u00f6minenizi yakman\u0131z\u0131 tavsiye ederiz. Yakma talimatlar\u0131na uygun olmayan ko\u015fullarda sorumluluk firmam\u0131za ait de\u011fildir. Ayr\u0131ca \u015e\u00f6mine kullan\u0131m klavuzunu ve yakma talimatlar\u0131n\u0131 web sitemizden inceleyebilirsiniz.<\/p>\n<div>\n<p><span><b>Garanti: <\/b><\/span><span>T\u00fcm \u00fcr\u00fcnlerimiz \u00fcretim ve i\u015f\u00e7ilik hatalar\u0131na kar\u015f\u0131, \u00fcr\u00fcn\u00fcn t\u00fcm par\u00e7alar\u0131 dahil olmak \u00fczere fatura tarihinden itibaren 2 y\u0131l garantilidir.\u00a0<\/span><span><\/span><span><\/span><\/p>\n<\/div>\n<\/div>\n<p><!----><!----><!----><\/p>\n","protected":false},"excerpt":{"rendered":"<p>\u00dcr\u00fcn Detay\u0131 \u00dcretim Normu\u00a0 \u00a0 \u00a0 \u00a0 \u00a0 \u00a0: \u0130so 9001 Is\u0131tma Kapasitesi\u00a0 \u00a0 \u00a0 \u00a0: 14 kwKapasite Aral\u0131\u011f\u0131\u00a0 \u00a0 \u00a0 \u00a0 \u00a0: 7 &#8211; 18 kw Co Oran\u0131\u00a0 \u00a0 \u00a0 \u00a0 \u00a0 \u00a0 \u00a0 \u00a0 \u00a0 \u00a0 \u00a0: 1.09 % Is\u0131ma Alan\u0131\u00a0 \u00a0 \u00a0 \u00a0 \u00a0 \u00a0 \u00a0 \u00a0 \u00a0: 154 m\u00b2 Is\u0131tma Hacmi\u00a0 [&hellip;]<\/p>\n","protected":false},"featured_media":5868,"comment_status":"open","ping_status":"closed","template":"","meta":[],"product_brand":[],"product_cat":[212,219],"product_tag":[],"class_list":{"0":"post-5647","1":"product","2":"type-product","3":"status-publish","4":"has-post-thumbnail","6":"product_cat-elegance-serisi-asansorlu-somineler","7":"product_cat-uc-acik-asansorlu-somineler","9":"first","10":"instock","11":"sale","12":"shipping-taxable","13":"purchasable","14":"product-type-simple"},"jetpack_sharing_enabled":true,"_links":{"self":[{"href":"https:\/\/gulsomine.com\/index.php?rest_route=\/wp\/v2\/product\/5647","targetHints":{"allow":["GET"]}}],"collection":[{"href":"https:\/\/gulsomine.com\/index.php?rest_route=\/wp\/v2\/product"}],"about":[{"href":"https:\/\/gulsomine.com\/index.php?rest_route=\/wp\/v2\/types\/product"}],"replies":[{"embeddable":true,"href":"https:\/\/gulsomine.com\/index.php?rest_route=%2Fwp%2Fv2%2Fcomments&post=5647"}],"wp:featuredmedia":[{"embeddable":true,"href":"https:\/\/gulsomine.com\/index.php?rest_route=\/wp\/v2\/media\/5868"}],"wp:attachment":[{"href":"https:\/\/gulsomine.com\/index.php?rest_route=%2Fwp%2Fv2%2Fmedia&parent=5647"}],"wp:term":[{"taxonomy":"product_brand","embeddable":true,"href":"https:\/\/gulsomine.com\/index.php?rest_route=%2Fwp%2Fv2%2Fproduct_brand&post=5647"},{"taxonomy":"product_cat","embeddable":true,"href":"https:\/\/gulsomine.com\/index.php?rest_route=%2Fwp%2Fv2%2Fproduct_cat&post=5647"},{"taxonomy":"product_tag","embeddable":true,"href":"https:\/\/gulsomine.com\/index.php?rest_route=%2Fwp%2Fv2%2Fproduct_tag&post=5647"}],"curies":[{"name":"wp","href":"https:\/\/api.w.org\/{rel}","templated":true}]}}